{"id":1171,"date":"2024-03-15T18:41:21","date_gmt":"2024-03-15T17:41:21","guid":{"rendered":"https:\/\/le-mas-de-cinq-sous.com\/press-coverage-mas-de-cinq-sous-luxury-rental-provence\/"},"modified":"2025-12-24T11:48:50","modified_gmt":"2025-12-24T10:48:50","slug":"press-coverage-mas-de-cinq-sous-luxury-rental-provence","status":"publish","type":"page","link":"https:\/\/le-mas-de-cinq-sous.com\/en\/press-coverage-mas-de-cinq-sous-luxury-rental-provence\/","title":{"rendered":"Press coverage Mas de Cinq Sous luxury rental Provence"},"content":{"rendered":"<section class=\"l-section wpb_row us_custom_f755a164 height_large width_custom color_alternate\" style=\"--site-content-width:940px;\"><div class=\"l-section-overlay\" style=\"background:rgba(0,0,0,0.29)\"><\/div><div class=\"l-section-h i-cf\"><div class=\"g-cols vc_row via_grid cols_1 laptops-cols_inherit tablets-cols_inherit mobiles-cols_1 valign_top type_boxes stacking_default\" style=\"--columns-gap:7rem;\"><div class=\"wpb_column vc_column_container\"><div class=\"vc_column-inner\"><div class=\"w-separator size_custom\" style=\"height:1rem\"><\/div><div class=\"wpb_text_column us_custom_2e21b3d7 has_text_color\"><div class=\"wpb_wrapper\"><p style=\"text-align: center;\">PRESS REVIEW<\/p>\n<\/div><\/div><div class=\"w-separator size_custom\" style=\"height:2rem\"><\/div><div class=\"g-cols wpb_row via_grid cols_1 laptops-cols_inherit tablets-cols_inherit mobiles-cols_1 valign_top type_default stacking_default\" style=\"--columns-gap:3rem;\"><div class=\"wpb_column vc_column_container\"><div class=\"vc_column-inner\"><div class=\"wpb_text_column us_custom_06eeafb0 has_text_color\"><div class=\"wpb_wrapper\"><h6 style=\"text-align: center;\">The press talks about Le Mas de Cinq Sous: &#8220;Le Mas de Cinq Sous m\u00eale luxe et authenticit\u00e9&#8221; in Campagne D\u00e9coration, &#8220;Le luxe au naturel&#8221; in Premium Magazine, &#8220;Une tr\u00e8s belle adresse en Provence&#8221; in Travel Style&#8230; Discover many other articles in the press review below.<\/h6>\n<\/div><\/div><\/div><\/div><\/div><div class=\"w-separator size_custom\" style=\"height:1rem\"><\/div><\/div><\/div><\/div><\/div><\/section><section class=\"l-section wpb_row us_custom_a8051a75 height_small width_full\"><div class=\"l-section-h i-cf\"><div class=\"g-cols vc_row via_grid cols_1 laptops-cols_inherit tablets-cols_inherit mobiles-cols_1 valign_top type_boxes stacking_default\" style=\"--columns-gap:0rem;\"><div class=\"wpb_column vc_column_container\"><div class=\"vc_column-inner\"><div class=\"w-separator size_custom\" style=\"height:3rem\"><\/div><div class=\"g-cols wpb_row via_grid cols_1 laptops-cols_inherit tablets-cols_inherit mobiles-cols_1 valign_top type_default stacking_default\" style=\"--columns-gap:3rem;\"><div class=\"wpb_column vc_column_container\"><div class=\"vc_column-inner\"><div class=\"w-html\"><div class=\"_df_book df-lite\" id=\"df_766\"  _slug=\"revue-de-presse-le-mas-de-cinq-sous\" data-title=\"revue-de-presse-le-mas-de-cinq-sous\" wpoptions=\"true\" thumbtype=\"\" ><\/div><script class=\"df-shortcode-script\" nowprocket type=\"application\/javascript\">window.option_df_766 = {\"outline\":[],\"backgroundColor\":\"#E2D4C0\",\"autoEnableOutline\":\"false\",\"autoEnableThumbnail\":\"false\",\"overwritePDFOutline\":\"false\",\"direction\":\"1\",\"pageSize\":\"0\",\"controlsPosition\":\"hide\",\"source\":\"https:\\\/\\\/le-mas-de-cinq-sous.com\\\/wp-content\\\/uploads\\\/2024\\\/03\\\/Revue-de-presse-Le-Mas-de-Cinq-Sous.pdf\",\"wpOptions\":\"true\"}; if(window.DFLIP && window.DFLIP.parseBooks){window.DFLIP.parseBooks();}<\/script><\/div><\/div><\/div><\/div><div class=\"w-separator size_custom\" style=\"height:3rem\"><\/div><\/div><\/div><\/div><\/div><\/section><section class=\"l-section wpb_row height_custom\"><div class=\"l-section-h i-cf\"><div class=\"g-cols vc_row via_grid cols_1 laptops-cols_inherit tablets-cols_inherit mobiles-cols_1 valign_top type_default stacking_default\"><div class=\"wpb_column vc_column_container\"><div class=\"vc_column-inner\"><div class=\"w-separator size_custom\" style=\"height:3rem\"><\/div><\/div><\/div><\/div><\/div><\/section>\n","protected":false},"excerpt":{"rendered":"PRESS REVIEW The press talks about Le Mas de Cinq Sous: &#8220;Le Mas de Cinq Sous m\u00eale luxe et authenticit\u00e9&#8221; in Campagne D\u00e9coration, &#8220;Le luxe au naturel&#8221; in Premium Magazine, &#8220;Une tr\u00e8s belle adresse en Provence&#8221; in Travel Style&#8230; Discover many other articles in the press review below.","protected":false},"author":1,"featured_media":0,"parent":0,"menu_order":0,"comment_status":"closed","ping_status":"closed","template":"","meta":{"_acf_changed":false,"footnotes":""},"class_list":["post-1171","page","type-page","status-publish","hentry"],"acf":[],"yoast_head":"<!-- This site is optimized with the Yoast SEO plugin v25.2 - https:\/\/yoast.com\/wordpress\/plugins\/seo\/ -->\n<title>press coverage Mas de Cinq Sous - luxury rental in Provence<\/title>\n<meta name=\"description\" content=\"Press coverage of Mas de Cinq Sous: l&#039;Officiel, Gala, Voyage de Luxe... talk about this luxury rental in Provence.\" \/>\n<meta name=\"robots\" content=\"index, follow, max-snippet:-1, max-image-preview:large, max-video-preview:-1\" \/>\n<link rel=\"canonical\" href=\"https:\/\/le-mas-de-cinq-sous.com\/en\/press-coverage-mas-de-cinq-sous-luxury-rental-provence\/\" \/>\n<meta property=\"og:locale\" content=\"en_US\" \/>\n<meta property=\"og:type\" content=\"article\" \/>\n<meta property=\"og:title\" content=\"press coverage Mas de Cinq Sous - luxury rental in Provence\" \/>\n<meta property=\"og:description\" content=\"Press coverage of Mas de Cinq Sous: l&#039;Officiel, Gala, Voyage de Luxe... talk about this luxury rental in Provence.\" \/>\n<meta property=\"og:url\" content=\"https:\/\/le-mas-de-cinq-sous.com\/en\/press-coverage-mas-de-cinq-sous-luxury-rental-provence\/\" \/>\n<meta property=\"og:site_name\" content=\"Le Mas de Cinq Sous\" \/>\n<meta property=\"article:modified_time\" content=\"2025-12-24T10:48:50+00:00\" \/>\n<meta name=\"twitter:card\" content=\"summary_large_image\" \/>\n<meta name=\"twitter:label1\" content=\"Est. reading time\" \/>\n\t<meta name=\"twitter:data1\" content=\"1 minute\" \/>\n<script type=\"application\/ld+json\" class=\"yoast-schema-graph\">{\"@context\":\"https:\/\/schema.org\",\"@graph\":[{\"@type\":\"WebPage\",\"@id\":\"https:\/\/le-mas-de-cinq-sous.com\/en\/press-coverage-mas-de-cinq-sous-luxury-rental-provence\/\",\"url\":\"https:\/\/le-mas-de-cinq-sous.com\/en\/press-coverage-mas-de-cinq-sous-luxury-rental-provence\/\",\"name\":\"press coverage Mas de Cinq Sous - luxury rental in Provence\",\"isPartOf\":{\"@id\":\"https:\/\/le-mas-de-cinq-sous.com\/en\/#website\"},\"datePublished\":\"2024-03-15T17:41:21+00:00\",\"dateModified\":\"2025-12-24T10:48:50+00:00\",\"description\":\"Press coverage of Mas de Cinq Sous: l'Officiel, Gala, Voyage de Luxe... talk about this luxury rental in Provence.\",\"breadcrumb\":{\"@id\":\"https:\/\/le-mas-de-cinq-sous.com\/en\/press-coverage-mas-de-cinq-sous-luxury-rental-provence\/#breadcrumb\"},\"inLanguage\":\"en-US\",\"potentialAction\":[{\"@type\":\"ReadAction\",\"target\":[\"https:\/\/le-mas-de-cinq-sous.com\/en\/press-coverage-mas-de-cinq-sous-luxury-rental-provence\/\"]}]},{\"@type\":\"BreadcrumbList\",\"@id\":\"https:\/\/le-mas-de-cinq-sous.com\/en\/press-coverage-mas-de-cinq-sous-luxury-rental-provence\/#breadcrumb\",\"itemListElement\":[{\"@type\":\"ListItem\",\"position\":1,\"name\":\"Accueil\",\"item\":\"https:\/\/le-mas-de-cinq-sous.com\/en\/\"},{\"@type\":\"ListItem\",\"position\":2,\"name\":\"Press coverage Mas de Cinq Sous luxury rental Provence\"}]},{\"@type\":\"WebSite\",\"@id\":\"https:\/\/le-mas-de-cinq-sous.com\/en\/#website\",\"url\":\"https:\/\/le-mas-de-cinq-sous.com\/en\/\",\"name\":\"Le Mas de Cinq Sous\",\"description\":\"Un refuge secret au coeur des Alpilles\",\"potentialAction\":[{\"@type\":\"SearchAction\",\"target\":{\"@type\":\"EntryPoint\",\"urlTemplate\":\"https:\/\/le-mas-de-cinq-sous.com\/en\/?s={search_term_string}\"},\"query-input\":{\"@type\":\"PropertyValueSpecification\",\"valueRequired\":true,\"valueName\":\"search_term_string\"}}],\"inLanguage\":\"en-US\"}]}<\/script>\n<!-- \/ Yoast SEO plugin. -->","yoast_head_json":{"title":"press coverage Mas de Cinq Sous - luxury rental in Provence","description":"Press coverage of Mas de Cinq Sous: l'Officiel, Gala, Voyage de Luxe... talk about this luxury rental in Provence.","robots":{"index":"index","follow":"follow","max-snippet":"max-snippet:-1","max-image-preview":"max-image-preview:large","max-video-preview":"max-video-preview:-1"},"canonical":"https:\/\/le-mas-de-cinq-sous.com\/en\/press-coverage-mas-de-cinq-sous-luxury-rental-provence\/","og_locale":"en_US","og_type":"article","og_title":"press coverage Mas de Cinq Sous - luxury rental in Provence","og_description":"Press coverage of Mas de Cinq Sous: l'Officiel, Gala, Voyage de Luxe... talk about this luxury rental in Provence.","og_url":"https:\/\/le-mas-de-cinq-sous.com\/en\/press-coverage-mas-de-cinq-sous-luxury-rental-provence\/","og_site_name":"Le Mas de Cinq Sous","article_modified_time":"2025-12-24T10:48:50+00:00","twitter_card":"summary_large_image","twitter_misc":{"Est. reading time":"1 minute"},"schema":{"@context":"https:\/\/schema.org","@graph":[{"@type":"WebPage","@id":"https:\/\/le-mas-de-cinq-sous.com\/en\/press-coverage-mas-de-cinq-sous-luxury-rental-provence\/","url":"https:\/\/le-mas-de-cinq-sous.com\/en\/press-coverage-mas-de-cinq-sous-luxury-rental-provence\/","name":"press coverage Mas de Cinq Sous - luxury rental in Provence","isPartOf":{"@id":"https:\/\/le-mas-de-cinq-sous.com\/en\/#website"},"datePublished":"2024-03-15T17:41:21+00:00","dateModified":"2025-12-24T10:48:50+00:00","description":"Press coverage of Mas de Cinq Sous: l'Officiel, Gala, Voyage de Luxe... talk about this luxury rental in Provence.","breadcrumb":{"@id":"https:\/\/le-mas-de-cinq-sous.com\/en\/press-coverage-mas-de-cinq-sous-luxury-rental-provence\/#breadcrumb"},"inLanguage":"en-US","potentialAction":[{"@type":"ReadAction","target":["https:\/\/le-mas-de-cinq-sous.com\/en\/press-coverage-mas-de-cinq-sous-luxury-rental-provence\/"]}]},{"@type":"BreadcrumbList","@id":"https:\/\/le-mas-de-cinq-sous.com\/en\/press-coverage-mas-de-cinq-sous-luxury-rental-provence\/#breadcrumb","itemListElement":[{"@type":"ListItem","position":1,"name":"Accueil","item":"https:\/\/le-mas-de-cinq-sous.com\/en\/"},{"@type":"ListItem","position":2,"name":"Press coverage Mas de Cinq Sous luxury rental Provence"}]},{"@type":"WebSite","@id":"https:\/\/le-mas-de-cinq-sous.com\/en\/#website","url":"https:\/\/le-mas-de-cinq-sous.com\/en\/","name":"Le Mas de Cinq Sous","description":"Un refuge secret au coeur des Alpilles","potentialAction":[{"@type":"SearchAction","target":{"@type":"EntryPoint","urlTemplate":"https:\/\/le-mas-de-cinq-sous.com\/en\/?s={search_term_string}"},"query-input":{"@type":"PropertyValueSpecification","valueRequired":true,"valueName":"search_term_string"}}],"inLanguage":"en-US"}]}},"_links":{"self":[{"href":"https:\/\/le-mas-de-cinq-sous.com\/en\/wp-json\/wp\/v2\/pages\/1171","targetHints":{"allow":["GET"]}}],"collection":[{"href":"https:\/\/le-mas-de-cinq-sous.com\/en\/wp-json\/wp\/v2\/pages"}],"about":[{"href":"https:\/\/le-mas-de-cinq-sous.com\/en\/wp-json\/wp\/v2\/types\/page"}],"author":[{"embeddable":true,"href":"https:\/\/le-mas-de-cinq-sous.com\/en\/wp-json\/wp\/v2\/users\/1"}],"replies":[{"embeddable":true,"href":"https:\/\/le-mas-de-cinq-sous.com\/en\/wp-json\/wp\/v2\/comments?post=1171"}],"version-history":[{"count":6,"href":"https:\/\/le-mas-de-cinq-sous.com\/en\/wp-json\/wp\/v2\/pages\/1171\/revisions"}],"predecessor-version":[{"id":1730,"href":"https:\/\/le-mas-de-cinq-sous.com\/en\/wp-json\/wp\/v2\/pages\/1171\/revisions\/1730"}],"wp:attachment":[{"href":"https:\/\/le-mas-de-cinq-sous.com\/en\/wp-json\/wp\/v2\/media?parent=1171"}],"curies":[{"name":"wp","href":"https:\/\/api.w.org\/{rel}","templated":true}]}}